{"id":30871,"date":"2026-02-04T10:35:14","date_gmt":"2026-02-04T09:35:14","guid":{"rendered":"https:\/\/fasciavibes.com\/?page_id=30871"},"modified":"2026-02-04T10:39:44","modified_gmt":"2026-02-04T09:39:44","slug":"karta","status":"publish","type":"page","link":"https:\/\/fasciavibes.com\/sv\/karta\/","title":{"rendered":"Hitta en fasciaut\u00f6vare"},"content":{"rendered":"\t\t<div data-elementor-type=\"wp-page\" data-elementor-id=\"30871\" class=\"elementor elementor-30871\" data-elementor-post-type=\"page\">\n\t\t\t\t<div class=\"elementor-element elementor-element-735cc71 e-grid e-con-boxed e-con e-parent\" data-id=\"735cc71\" data-element_type=\"container\">\n\t\t\t\t\t<div class=\"e-con-inner\">\n\t\t\t\t\t<\/div>\n\t\t\t\t<\/div>\n\t\t<div class=\"elementor-element elementor-element-8fc9cf9 e-flex e-con-boxed e-con e-parent\" data-id=\"8fc9cf9\" data-element_type=\"container\">\n\t\t\t\t\t<div class=\"e-con-inner\">\n\t\t\t\t<div class=\"elementor-element elementor-element-ece2dfa elementor-widget elementor-widget-html\" data-id=\"ece2dfa\" data-element_type=\"widget\" data-widget_type=\"html.default\">\n\t\t\t\t\t<div id='storerocket-widget' style='width:100%;' data-storerocket-env='p' data-storerocket-id='jN49dGjpGy'><p style='text-align:center;font-size:13px;padding:10px;'>Store locator is loading from StoreRocket <a target='_blank' href='https:\/\/storerocket.io' style='font-size:13px;'>Store Locator App<\/a>..<\/p><\/div><script>(function(){var a=document.createElement('script');a.type='text\/javascript';a.async=!0;a.src='https:\/\/cdn.storerocket.io\/js\/widget-mb.js';var b=document.getElementsByTagName('script')[0];b.parentNode.insertBefore(a,b);}());<\/script>\t\t\t\t<\/div>\n\t\t\t\t\t<\/div>\n\t\t\t\t<\/div>\n\t\t<div class=\"elementor-element elementor-element-322d8aa e-grid e-con-boxed e-con e-parent\" data-id=\"322d8aa\" data-element_type=\"container\">\n\t\t\t\t\t<div class=\"e-con-inner\">\n\t\t\t\t\t<\/div>\n\t\t\t\t<\/div>\n\t\t\t\t<\/div>\n\t\t","protected":false},"excerpt":{"rendered":"<p>Store locator is loading from StoreRocket Store Locator App..<\/p>\n","protected":false},"author":2,"featured_media":0,"parent":0,"menu_order":0,"comment_status":"closed","ping_status":"closed","template":"elementor_header_footer","meta":{"footnotes":""},"class_list":["post-30871","page","type-page","status-publish","hentry"],"yoast_head":"<!-- This site is optimized with the Yoast SEO plugin v26.8 - https:\/\/yoast.com\/product\/yoast-seo-wordpress\/ -->\n<title>Hitta en fasciaut\u00f6vare<\/title>\n<meta name=\"description\" content=\"Anv\u00e4nd v\u00e5r kartfunktion f\u00f6r att hitta din n\u00e4sta resurs inom fascia\" \/>\n<meta name=\"robots\" content=\"index, follow, max-snippet:-1, max-image-preview:large, max-video-preview:-1\" \/>\n<link rel=\"canonical\" href=\"https:\/\/fasciavibes.com\/sv\/karta\/\" \/>\n<meta property=\"og:locale\" content=\"sv_SE\" \/>\n<meta property=\"og:type\" content=\"article\" \/>\n<meta property=\"og:title\" content=\"Hitta en fasciaut\u00f6vare\" \/>\n<meta property=\"og:description\" content=\"Anv\u00e4nd v\u00e5r kartfunktion f\u00f6r att hitta din n\u00e4sta resurs inom fascia\" \/>\n<meta property=\"og:url\" content=\"https:\/\/fasciavibes.com\/sv\/karta\/\" \/>\n<meta property=\"og:site_name\" content=\"Vibes\" \/>\n<meta property=\"article:modified_time\" content=\"2026-02-04T09:39:44+00:00\" \/>\n<meta property=\"og:image\" content=\"https:\/\/fasciavibes.com\/wp-content\/uploads\/2025\/12\/91be3f43-d0bf-4984-beda-92dd06e5ca36-kopiera-scaled.jpg\" \/>\n\t<meta property=\"og:image:width\" content=\"2560\" \/>\n\t<meta property=\"og:image:height\" content=\"1429\" \/>\n\t<meta property=\"og:image:type\" content=\"image\/jpeg\" \/>\n<meta name=\"twitter:card\" content=\"summary_large_image\" \/>\n<meta name=\"twitter:label1\" content=\"Ber\u00e4knad l\u00e4stid\" \/>\n\t<meta name=\"twitter:data1\" content=\"1 minut\" \/>\n<script type=\"application\/ld+json\" class=\"yoast-schema-graph\">{\"@context\":\"https:\/\/schema.org\",\"@graph\":[{\"@type\":\"WebPage\",\"@id\":\"https:\/\/fasciavibes.com\/sv\/karta\/\",\"url\":\"https:\/\/fasciavibes.com\/sv\/karta\/\",\"name\":\"Hitta en fasciaut\u00f6vare\",\"isPartOf\":{\"@id\":\"https:\/\/fasciavibes.com\/sv\/#website\"},\"datePublished\":\"2026-02-04T09:35:14+00:00\",\"dateModified\":\"2026-02-04T09:39:44+00:00\",\"description\":\"Anv\u00e4nd v\u00e5r kartfunktion f\u00f6r att hitta din n\u00e4sta resurs inom fascia\",\"breadcrumb\":{\"@id\":\"https:\/\/fasciavibes.com\/sv\/karta\/#breadcrumb\"},\"inLanguage\":\"sv-SE\",\"potentialAction\":[{\"@type\":\"ReadAction\",\"target\":[\"https:\/\/fasciavibes.com\/sv\/karta\/\"]}]},{\"@type\":\"BreadcrumbList\",\"@id\":\"https:\/\/fasciavibes.com\/sv\/karta\/#breadcrumb\",\"itemListElement\":[{\"@type\":\"ListItem\",\"position\":1,\"name\":\"Home\",\"item\":\"https:\/\/fasciavibes.com\/sv\/\"},{\"@type\":\"ListItem\",\"position\":2,\"name\":\"Hitta en fasciaut\u00f6vare\"}]},{\"@type\":\"WebSite\",\"@id\":\"https:\/\/fasciavibes.com\/sv\/#website\",\"url\":\"https:\/\/fasciavibes.com\/sv\/\",\"name\":\"Vibes\",\"description\":\"A network for health professionals\",\"potentialAction\":[{\"@type\":\"SearchAction\",\"target\":{\"@type\":\"EntryPoint\",\"urlTemplate\":\"https:\/\/fasciavibes.com\/sv\/?s={search_term_string}\"},\"query-input\":{\"@type\":\"PropertyValueSpecification\",\"valueRequired\":true,\"valueName\":\"search_term_string\"}}],\"inLanguage\":\"sv-SE\"}]}<\/script>\n<!-- \/ Yoast SEO plugin. -->","yoast_head_json":{"title":"Hitta en fasciaut\u00f6vare","description":"Anv\u00e4nd v\u00e5r kartfunktion f\u00f6r att hitta din n\u00e4sta resurs inom fascia","robots":{"index":"index","follow":"follow","max-snippet":"max-snippet:-1","max-image-preview":"max-image-preview:large","max-video-preview":"max-video-preview:-1"},"canonical":"https:\/\/fasciavibes.com\/sv\/karta\/","og_locale":"sv_SE","og_type":"article","og_title":"Hitta en fasciaut\u00f6vare","og_description":"Anv\u00e4nd v\u00e5r kartfunktion f\u00f6r att hitta din n\u00e4sta resurs inom fascia","og_url":"https:\/\/fasciavibes.com\/sv\/karta\/","og_site_name":"Vibes","article_modified_time":"2026-02-04T09:39:44+00:00","og_image":[{"width":2560,"height":1429,"url":"https:\/\/fasciavibes.com\/wp-content\/uploads\/2025\/12\/91be3f43-d0bf-4984-beda-92dd06e5ca36-kopiera-scaled.jpg","type":"image\/jpeg"}],"twitter_card":"summary_large_image","twitter_misc":{"Ber\u00e4knad l\u00e4stid":"1 minut"},"schema":{"@context":"https:\/\/schema.org","@graph":[{"@type":"WebPage","@id":"https:\/\/fasciavibes.com\/sv\/karta\/","url":"https:\/\/fasciavibes.com\/sv\/karta\/","name":"Hitta en fasciaut\u00f6vare","isPartOf":{"@id":"https:\/\/fasciavibes.com\/sv\/#website"},"datePublished":"2026-02-04T09:35:14+00:00","dateModified":"2026-02-04T09:39:44+00:00","description":"Anv\u00e4nd v\u00e5r kartfunktion f\u00f6r att hitta din n\u00e4sta resurs inom fascia","breadcrumb":{"@id":"https:\/\/fasciavibes.com\/sv\/karta\/#breadcrumb"},"inLanguage":"sv-SE","potentialAction":[{"@type":"ReadAction","target":["https:\/\/fasciavibes.com\/sv\/karta\/"]}]},{"@type":"BreadcrumbList","@id":"https:\/\/fasciavibes.com\/sv\/karta\/#breadcrumb","itemListElement":[{"@type":"ListItem","position":1,"name":"Home","item":"https:\/\/fasciavibes.com\/sv\/"},{"@type":"ListItem","position":2,"name":"Hitta en fasciaut\u00f6vare"}]},{"@type":"WebSite","@id":"https:\/\/fasciavibes.com\/sv\/#website","url":"https:\/\/fasciavibes.com\/sv\/","name":"Vibes","description":"A network for health professionals","potentialAction":[{"@type":"SearchAction","target":{"@type":"EntryPoint","urlTemplate":"https:\/\/fasciavibes.com\/sv\/?s={search_term_string}"},"query-input":{"@type":"PropertyValueSpecification","valueRequired":true,"valueName":"search_term_string"}}],"inLanguage":"sv-SE"}]}},"_links":{"self":[{"href":"https:\/\/fasciavibes.com\/sv\/wp-json\/wp\/v2\/pages\/30871","targetHints":{"allow":["GET"]}}],"collection":[{"href":"https:\/\/fasciavibes.com\/sv\/wp-json\/wp\/v2\/pages"}],"about":[{"href":"https:\/\/fasciavibes.com\/sv\/wp-json\/wp\/v2\/types\/page"}],"author":[{"embeddable":true,"href":"https:\/\/fasciavibes.com\/sv\/wp-json\/wp\/v2\/users\/2"}],"replies":[{"embeddable":true,"href":"https:\/\/fasciavibes.com\/sv\/wp-json\/wp\/v2\/comments?post=30871"}],"version-history":[{"count":5,"href":"https:\/\/fasciavibes.com\/sv\/wp-json\/wp\/v2\/pages\/30871\/revisions"}],"predecessor-version":[{"id":30886,"href":"https:\/\/fasciavibes.com\/sv\/wp-json\/wp\/v2\/pages\/30871\/revisions\/30886"}],"wp:attachment":[{"href":"https:\/\/fasciavibes.com\/sv\/wp-json\/wp\/v2\/media?parent=30871"}],"curies":[{"name":"wp","href":"https:\/\/api.w.org\/{rel}","templated":true}]}}